{"id":19,"date":"2021-05-19T23:09:20","date_gmt":"2021-05-19T21:09:20","guid":{"rendered":"http:\/\/lamalleauxmots.fr\/test\/?page_id=19"},"modified":"2025-03-03T08:53:18","modified_gmt":"2025-03-03T07:53:18","slug":"nos-tarifs","status":"publish","type":"page","link":"https:\/\/lamalleauxmots.fr\/test\/index.php\/nos-tarifs\/","title":{"rendered":"Prise de rendez-vous et tarifs"},"content":{"rendered":"\n<p>Pour toute nouvelle demande de rendez-vous, nous vous invitons \u00e0 nous contacter au <a href=\"tel:+33240833152\">02 40 83 31 52<\/a> et \u00e0 laisser un message pr\u00e9cisant vos coordonn\u00e9es. <br>Une des psychologues vous rappellera dans la semaine pour \u00e9changer avec vous sur les raisons de votre appel et  \u00e9valuer vos besoins.<br>En fonction des disponibilit\u00e9s des psychologues, soit un rendez-vous vous est propos\u00e9, soit votre demande est inscrite sur liste d&rsquo;attente. <\/p>\n\n\n\n<h2 class=\"wp-block-heading\" id=\"consultation-individuelle\"><img loading=\"lazy\" decoding=\"async\" width=\"15\" height=\"15\" class=\"wp-image-191\" style=\"width: 15px;\" src=\"http:\/\/lamalleauxmots.fr\/test\/wp-content\/uploads\/2025\/03\/puce.jpg\" alt=\"\">\u00a0Tarifs<\/h2>\n\n\n\n<p>L&rsquo;<strong>entretien individuel <\/strong>(45 min) est factur\u00e9 50 \u20ac<\/p>\n\n\n\n<p>L&rsquo;<strong>entretien couple ou familial<\/strong> (1h15) est factur\u00e9 65 \u20ac<\/p>\n\n\n\n<p>En cas d&rsquo;absence non justifi\u00e9e ou d&rsquo;annulation moins de 48h avant la s\u00e9ance, celle-ci vous sera factur\u00e9e.<\/p>\n\n\n\n<p>La consultation chez un psychologue en secteur priv\u00e9 n&rsquo;est pas rembours\u00e9e par la S\u00e9curit\u00e9 Sociale. Renseignez-vous aupr\u00e8s de votre mutuelle pour connaitre les modalit\u00e9s de prises en charge.<\/p>\n\n\n\n<p>L&rsquo;intervention d&rsquo;une psychologue dans une \u00e9quipe pour un<strong> travail d&rsquo;analyse des pratiques professionnelles ou de r\u00e9gulation<\/strong> fera l&rsquo;objet d&rsquo;un devis.<\/p>\n","protected":false},"excerpt":{"rendered":"<p>Pour toute nouvelle demande de rendez-vous, nous vous invitons \u00e0 nous contacter au 02 40 83 31 52 et \u00e0 laisser un message pr\u00e9cisant vos coordonn\u00e9es. Une des psychologues vous rappellera dans la semaine pour \u00e9changer avec vous sur les raisons de votre appel et \u00e9valuer vos besoins.En fonction des disponibilit\u00e9s des psychologues, soit un &hellip; <\/p>\n<p class=\"link-more\"><a href=\"https:\/\/lamalleauxmots.fr\/test\/index.php\/nos-tarifs\/\" class=\"more-link\">Continuer la lecture<span class=\"screen-reader-text\"> de &laquo;&nbsp;Prise de rendez-vous et tarifs&nbsp;&raquo;<\/span><\/a><\/p>\n","protected":false},"author":1,"featured_media":0,"parent":0,"menu_order":0,"comment_status":"closed","ping_status":"closed","template":"","meta":{"footnotes":""},"class_list":["post-19","page","type-page","status-publish","hentry"],"_links":{"self":[{"href":"https:\/\/lamalleauxmots.fr\/test\/index.php\/wp-json\/wp\/v2\/pages\/19","targetHints":{"allow":["GET"]}}],"collection":[{"href":"https:\/\/lamalleauxmots.fr\/test\/index.php\/wp-json\/wp\/v2\/pages"}],"about":[{"href":"https:\/\/lamalleauxmots.fr\/test\/index.php\/wp-json\/wp\/v2\/types\/page"}],"author":[{"embeddable":true,"href":"https:\/\/lamalleauxmots.fr\/test\/index.php\/wp-json\/wp\/v2\/users\/1"}],"replies":[{"embeddable":true,"href":"https:\/\/lamalleauxmots.fr\/test\/index.php\/wp-json\/wp\/v2\/comments?post=19"}],"version-history":[{"count":12,"href":"https:\/\/lamalleauxmots.fr\/test\/index.php\/wp-json\/wp\/v2\/pages\/19\/revisions"}],"predecessor-version":[{"id":195,"href":"https:\/\/lamalleauxmots.fr\/test\/index.php\/wp-json\/wp\/v2\/pages\/19\/revisions\/195"}],"wp:attachment":[{"href":"https:\/\/lamalleauxmots.fr\/test\/index.php\/wp-json\/wp\/v2\/media?parent=19"}],"curies":[{"name":"wp","href":"https:\/\/api.w.org\/{rel}","templated":true}]}}