{"id":16,"date":"2021-05-19T23:07:47","date_gmt":"2021-05-19T21:07:47","guid":{"rendered":"http:\/\/lamalleauxmots.fr\/test\/?page_id=16"},"modified":"2024-01-23T14:32:06","modified_gmt":"2024-01-23T13:32:06","slug":"que-proposons-nous","status":"publish","type":"page","link":"https:\/\/lamalleauxmots.fr\/test\/index.php\/que-proposons-nous\/","title":{"rendered":"Qui sommes-nous ?"},"content":{"rendered":"\n<p>L&rsquo;histoire de la Malle aux Mots est faite de rencontres. <\/p>\n\n\n\n<p>La rencontre de Marine et M\u00e9lanie en 2003 qui permet la cr\u00e9ation de la Malle aux Mots un an plus tard. Elles ont \u00e0 c\u0153ur de multiplier les liens entre la Malle aux Mots et les divers acteurs locaux en favorisant les rencontres.<\/p>\n\n\n\n<p>La rencontre avec Charlotte en 2014 puis avec Bertille en 2020 permettent \u00e0 la Malle aux Mots d&rsquo;enrichir les pratiques cliniques avec un v\u00e9ritable travail d&rsquo;\u00e9quipe.<\/p>\n\n\n\n<p><strong>Les psychologues <\/strong><\/p>\n\n\n\n<div class=\"wp-block-columns is-layout-flex wp-container-core-columns-is-layout-1 wp-block-columns-is-layout-flex\">\n<div class=\"wp-block-column is-layout-flow wp-block-column-is-layout-flow\" style=\"flex-basis:33.33%\">\n<figure class=\"wp-block-image size-large\"><img loading=\"lazy\" decoding=\"async\" width=\"683\" height=\"1024\" src=\"http:\/\/lamalleauxmots.fr\/test\/wp-content\/uploads\/2023\/01\/MAM-1-683x1024.jpg\" alt=\"Bertille Pithon\" class=\"wp-image-138\" srcset=\"https:\/\/lamalleauxmots.fr\/test\/wp-content\/uploads\/2023\/01\/MAM-1-683x1024.jpg 683w, https:\/\/lamalleauxmots.fr\/test\/wp-content\/uploads\/2023\/01\/MAM-1-200x300.jpg 200w, https:\/\/lamalleauxmots.fr\/test\/wp-content\/uploads\/2023\/01\/MAM-1-768x1152.jpg 768w, https:\/\/lamalleauxmots.fr\/test\/wp-content\/uploads\/2023\/01\/MAM-1-1024x1536.jpg 1024w, https:\/\/lamalleauxmots.fr\/test\/wp-content\/uploads\/2023\/01\/MAM-1-1365x2048.jpg 1365w, https:\/\/lamalleauxmots.fr\/test\/wp-content\/uploads\/2023\/01\/MAM-1-scaled.jpg 1707w\" sizes=\"auto, (max-width: 683px) 100vw, 683px\" \/><figcaption class=\"wp-element-caption\">Bertille Pithon<\/figcaption><\/figure>\n<\/div>\n\n\n\n<div class=\"wp-block-column is-layout-flow wp-block-column-is-layout-flow\" style=\"flex-basis:66.66%\">\n<p style=\"font-size:14px\"><em>Je m\u2019appelle Bertille Pithon et je suis psychologue clinicienne depuis 2015.<\/em><\/p>\n\n\n\n<p style=\"font-size:14px\"><em>J\u2019ai int\u00e9gr\u00e9 la malle aux mots en\u00a0Mars 2020, je r\u00e9alise des consultations individuelles (enfants, adolescents et adultes) et familiales. Mon cadre d\u2019intervention se pense et se construit avec les patients et\/ou leurs familles, pour \u00eatre au plus pr\u00e8s de leurs besoins.<\/em><\/p>\n\n\n\n<p style=\"font-size:14px\"><em>Je suis aussi form\u00e9e \u00e0 l\u2019intervention syst\u00e9mique par l\u2019organisme FORSYFA. Cette formation longue sur trois ans m\u2019a permis d\u2019acqu\u00e9rir des connaissances et des outils dans mon accompagnement aupr\u00e8s des familles. C\u2019est dans les relations entre les membres de la famille que l\u2019on va chercher un sens et des solutions aux probl\u00e8mes rencontr\u00e9s.<\/em><\/p>\n\n\n\n<p style=\"font-size:14px\"><em>En parall\u00e8le, je travaille \u00e9galement en tant que psychologue de l\u2019enseignement priv\u00e9 dans les \u00e9tablissements scolaires du Maine et Loire o\u00f9 je suis en contact d\u2019enfants et d\u2019adolescents concern\u00e9s pas des difficult\u00e9s d\u2019apprentissages, des troubles du comportement ou en situation d\u2019handicap.<\/em><\/p>\n<\/div>\n<\/div>\n\n\n\n<hr class=\"wp-block-separator has-alpha-channel-opacity\"\/>\n\n\n\n<p class=\"has-white-color has-text-color\"> .<\/p>\n\n\n\n<div class=\"wp-block-columns is-layout-flex wp-container-core-columns-is-layout-2 wp-block-columns-is-layout-flex\">\n<div class=\"wp-block-column is-layout-flow wp-block-column-is-layout-flow\">\n<figure class=\"wp-block-image size-large\"><img loading=\"lazy\" decoding=\"async\" width=\"1024\" height=\"815\" src=\"http:\/\/lamalleauxmots.fr\/test\/wp-content\/uploads\/2024\/01\/20231110_134915-1024x815.jpg\" alt=\"\" class=\"wp-image-178\" srcset=\"https:\/\/lamalleauxmots.fr\/test\/wp-content\/uploads\/2024\/01\/20231110_134915-1024x815.jpg 1024w, https:\/\/lamalleauxmots.fr\/test\/wp-content\/uploads\/2024\/01\/20231110_134915-300x239.jpg 300w, https:\/\/lamalleauxmots.fr\/test\/wp-content\/uploads\/2024\/01\/20231110_134915-768x611.jpg 768w, https:\/\/lamalleauxmots.fr\/test\/wp-content\/uploads\/2024\/01\/20231110_134915-1536x1223.jpg 1536w, https:\/\/lamalleauxmots.fr\/test\/wp-content\/uploads\/2024\/01\/20231110_134915-2048x1631.jpg 2048w\" sizes=\"auto, (max-width: 706px) 89vw, (max-width: 767px) 82vw, 740px\" \/><figcaption class=\"wp-element-caption\">Charlotte Delattre<\/figcaption><\/figure>\n<\/div>\n\n\n\n<div class=\"wp-block-column is-layout-flow wp-block-column-is-layout-flow\">\n<p style=\"font-size:14px\"><em>Je m\u2019appelle Charlotte Delattre, psychologue Clinicienne. J\u2019ai obtenu mon Master professionnel de psychologie de l\u2019enfant et de l\u2019adolescent \u00e0 l\u2019universit\u00e9 de Nantes en 2010.<\/em><\/p>\n\n\n\n<p style=\"font-size:14px\"><em>Depuis 2011, je travaille comme psychologue en milieu scolaire aupr\u00e8s des \u00e9l\u00e8ves et de leur famille. Je rencontre des jeunes confront\u00e9s \u00e0 des difficult\u00e9s d\u2019apprentissages, relationnelles ou de comportement. Je prends plaisir \u00e0 travailler dans le lien avec les \u00e9quipes enseignantes pour une meilleure compr\u00e9hension des besoins de chaque \u00e9l\u00e8ve.<\/em><\/p>\n<\/div>\n<\/div>\n\n\n\n<div class=\"wp-block-columns is-layout-flex wp-container-core-columns-is-layout-3 wp-block-columns-is-layout-flex\">\n<div class=\"wp-block-column is-layout-flow wp-block-column-is-layout-flow\">\n<p style=\"font-size:14px\"><em>Arriv\u00e9e en 2014 dans l\u2019\u00e9quipe de la Malle Aux Mots, j\u2019accompagne les enfants, les adolescents et leur famille dans les questionnements qui les animent. J\u2019aime soutenir l\u2019acc\u00e8s \u00e0 la parole et poser des mots sur les v\u00e9cus, les ressentis per\u00e7us. A l\u2019aide de diff\u00e9rents outils, j\u2019ai \u00e0 c\u0153ur de proposer un accompagnement adapt\u00e9 aux besoins de chacun. En m\u2019appuyant sur leurs ressources, je construis avec les enfants et leur famille un chemin vers le changement et l\u2019apaisement.<\/em><\/p>\n\n\n\n<p style=\"font-size:14px\"><em>Afin de diversifier ma pratique et dans un souci de proposer un soutien toujours plus ajust\u00e9, je me forme aux th\u00e9rapies br\u00e8ves et \u00e0 l\u2019hypnose Ericksonienne avec l\u2019AREPTA de Nantes depuis 2021.<\/em><\/p>\n<\/div>\n<\/div>\n\n\n\n<hr class=\"wp-block-separator has-alpha-channel-opacity\"\/>\n\n\n\n<p class=\"has-white-color has-text-color\">.<\/p>\n\n\n\n<div class=\"wp-block-columns is-layout-flex wp-container-core-columns-is-layout-4 wp-block-columns-is-layout-flex\">\n<div class=\"wp-block-column is-layout-flow wp-block-column-is-layout-flow\">\n<p style=\"font-size:14px\"><em>Je m&rsquo;appelle Marine Rabillard. Je suis psychologue clinicienne depuis 2004, date de cr\u00e9ation de la Malle aux Mots.<\/em><\/p>\n\n\n\n<p style=\"font-size:14px\"><em>1er chapitre de ma carri\u00e8re professionnelle : Je me lance dans l&rsquo;aventure de la Malle aux Mots, avec pour objectif de rendre accessible aux familles du secteur d&rsquo;Ancenis l&rsquo;accompagnement psychologique.<\/em><\/p>\n\n\n\n<p style=\"font-size:14px\"><em>2\u00e8me chapitre : je pars en formation. De 2014 \u00e0 2017, j&rsquo;ai suivi une formation \u00e0 l&rsquo;approche syst\u00e9mique afin d&rsquo;enrichir ma pratique d&rsquo;outils diff\u00e9rents et d&rsquo;\u00e9largir mes hypoth\u00e8ses de travail pour mieux accompagner les jeunes et leur famille dans leur recherche de changement.<\/em><\/p>\n<\/div>\n\n\n\n<div class=\"wp-block-column is-layout-flow wp-block-column-is-layout-flow\">\n<figure class=\"wp-block-image size-large\"><img loading=\"lazy\" decoding=\"async\" width=\"1024\" height=\"760\" src=\"http:\/\/lamalleauxmots.fr\/test\/wp-content\/uploads\/2023\/09\/IMG_20230313_184246-1-1024x760.jpg\" alt=\"\" class=\"wp-image-164\" srcset=\"https:\/\/lamalleauxmots.fr\/test\/wp-content\/uploads\/2023\/09\/IMG_20230313_184246-1-1024x760.jpg 1024w, https:\/\/lamalleauxmots.fr\/test\/wp-content\/uploads\/2023\/09\/IMG_20230313_184246-1-300x223.jpg 300w, https:\/\/lamalleauxmots.fr\/test\/wp-content\/uploads\/2023\/09\/IMG_20230313_184246-1-768x570.jpg 768w, https:\/\/lamalleauxmots.fr\/test\/wp-content\/uploads\/2023\/09\/IMG_20230313_184246-1-1536x1140.jpg 1536w, https:\/\/lamalleauxmots.fr\/test\/wp-content\/uploads\/2023\/09\/IMG_20230313_184246-1-2048x1520.jpg 2048w\" sizes=\"auto, (max-width: 706px) 89vw, (max-width: 767px) 82vw, 740px\" \/><figcaption class=\"wp-element-caption\">Marine Rabillard<\/figcaption><\/figure>\n<\/div>\n<\/div>\n\n\n\n<div class=\"wp-block-columns is-layout-flex wp-container-core-columns-is-layout-5 wp-block-columns-is-layout-flex\">\n<div class=\"wp-block-column is-layout-flow wp-block-column-is-layout-flow\">\n<p style=\"font-size:14px\"><em>3\u00e8me chapitre : Nourrie par un travail en \u00e9quipe et les comp\u00e9tences diff\u00e9rentes et compl\u00e9mentaires des pyschologues de la Malle aux Mots. Je re\u00e7ois en consultation enfants, parents, jeunes afin de les accompagner dans leur recherche de meiux \u00eatre : la communication avec ceux qui l&rsquo;entourent, la connaissance de soi et la conduite de changement.<\/em><\/p>\n\n\n\n<p style=\"font-size:14px\"><em>Dans la m\u00eame dynamique, j&rsquo;accompagne des \u00e9quipes professionnelles de la petite enfance dans un travail d&rsquo;analyse des pratiques profesionnelles.<\/em><\/p>\n<\/div>\n<\/div>\n","protected":false},"excerpt":{"rendered":"<p>L&rsquo;histoire de la Malle aux Mots est faite de rencontres. La rencontre de Marine et M\u00e9lanie en 2003 qui permet la cr\u00e9ation de la Malle aux Mots un an plus tard. Elles ont \u00e0 c\u0153ur de multiplier les liens entre la Malle aux Mots et les divers acteurs locaux en favorisant les rencontres. La rencontre &hellip; <\/p>\n<p class=\"link-more\"><a href=\"https:\/\/lamalleauxmots.fr\/test\/index.php\/que-proposons-nous\/\" class=\"more-link\">Continuer la lecture<span class=\"screen-reader-text\"> de &laquo;&nbsp;Qui sommes-nous ?&nbsp;&raquo;<\/span><\/a><\/p>\n","protected":false},"author":1,"featured_media":0,"parent":0,"menu_order":0,"comment_status":"closed","ping_status":"closed","template":"","meta":{"footnotes":""},"class_list":["post-16","page","type-page","status-publish","hentry"],"_links":{"self":[{"href":"https:\/\/lamalleauxmots.fr\/test\/index.php\/wp-json\/wp\/v2\/pages\/16","targetHints":{"allow":["GET"]}}],"collection":[{"href":"https:\/\/lamalleauxmots.fr\/test\/index.php\/wp-json\/wp\/v2\/pages"}],"about":[{"href":"https:\/\/lamalleauxmots.fr\/test\/index.php\/wp-json\/wp\/v2\/types\/page"}],"author":[{"embeddable":true,"href":"https:\/\/lamalleauxmots.fr\/test\/index.php\/wp-json\/wp\/v2\/users\/1"}],"replies":[{"embeddable":true,"href":"https:\/\/lamalleauxmots.fr\/test\/index.php\/wp-json\/wp\/v2\/comments?post=16"}],"version-history":[{"count":30,"href":"https:\/\/lamalleauxmots.fr\/test\/index.php\/wp-json\/wp\/v2\/pages\/16\/revisions"}],"predecessor-version":[{"id":188,"href":"https:\/\/lamalleauxmots.fr\/test\/index.php\/wp-json\/wp\/v2\/pages\/16\/revisions\/188"}],"wp:attachment":[{"href":"https:\/\/lamalleauxmots.fr\/test\/index.php\/wp-json\/wp\/v2\/media?parent=16"}],"curies":[{"name":"wp","href":"https:\/\/api.w.org\/{rel}","templated":true}]}}