{"id":12,"date":"2021-05-19T23:06:34","date_gmt":"2021-05-19T21:06:34","guid":{"rendered":"http:\/\/lamalleauxmots.fr\/test\/?page_id=12"},"modified":"2025-03-03T08:51:59","modified_gmt":"2025-03-03T07:51:59","slug":"pourquoi-sadresser-a-nous","status":"publish","type":"page","link":"https:\/\/lamalleauxmots.fr\/test\/index.php\/pourquoi-sadresser-a-nous\/","title":{"rendered":"Venir \u00e0 notre rencontre&#8230;"},"content":{"rendered":"\n<p>Nous vous accompagnons pour faire le point et avancer dans la compr\u00e9hension d&rsquo;une situation personnelle ou professionnelle.<\/p>\n\n\n\n<h2 class=\"wp-block-heading\" id=\"en-consultation\"><img decoding=\"async\" style=\"\" src=\"http:\/\/lamalleauxmots.fr\/img\/puce.jpg\" alt=\"\"><img loading=\"lazy\" decoding=\"async\" width=\"15\" height=\"15\" class=\"wp-image-191\" style=\"width: 15px;\" src=\"http:\/\/lamalleauxmots.fr\/test\/wp-content\/uploads\/2025\/03\/puce.jpg\" alt=\"\"> En consultation<\/h2>\n\n\n\n<p><strong>Ce qui vous am\u00e8ne<\/strong><\/p>\n\n\n\n<p>Difficult\u00e9s de sommeil, angoisses, rivalit\u00e9s fraternelles, relations parents-enfants conflictuelles, difficult\u00e9s de communication, probl\u00e9matiques li\u00e9es \u00e0 la scolarit\u00e9&#8230; <\/p>\n\n\n\n<p>Au cours de son existence, chaque individu et\/ou syst\u00e8me familial est susceptible de traverser des moments de crise. <\/p>\n\n\n\n<p>La crise \u00e9merge dans les moments o\u00f9 les capacit\u00e9s d&rsquo;adaptation et de changement semblent \u00e0 l&rsquo;arr\u00eat. Bien que douloureuse, elle est une occasion de croissance. Elle permet d&rsquo;explorer et de faire \u00e9merger les ressources individuelles ou familiales pour la d\u00e9passer.<\/p>\n\n\n\n<p><strong>Ce que nous proposons<\/strong><\/p>\n\n\n\n<p>Nous vous accompagnons dans ce travail en entretien individuel ou en entretien de couple ou de famille. <\/p>\n\n\n\n<p>A l&rsquo;\u00e9coute de votre demande, la psychologue vous proposera le cadre de travail qui semble le plus ad\u00e9quat.<\/p>\n\n\n\n<h2 class=\"wp-block-heading\" id=\"en-analyse-des-pratiques-professionnelles\"><img loading=\"lazy\" decoding=\"async\" width=\"15\" height=\"15\" class=\"wp-image-191\" style=\"width: 15px;\" src=\"http:\/\/lamalleauxmots.fr\/test\/wp-content\/uploads\/2025\/03\/puce.jpg\" alt=\"\"> En analyse des pratiques professionnelles<\/h2>\n\n\n\n<p>La Malle aux Mots s\u2019adresse aux professionnels travaillant aupr\u00e8s des jeunes. Les raisons qui peuvent \u00eatre \u00e0 l\u2019origine des demandes sont :<\/p>\n\n\n\n<p><strong>Comprendre une situation.<\/strong><\/p>\n\n\n\n<p>Se r\u00e9unir entre coll\u00e8gues afin d\u2019\u00e9voquer un cas qui pose probl\u00e8me, qui interroge. Le professionnel trouve au sein du groupe l\u2019occasion d\u2019\u00e9laborer des r\u00e9ponses \u00e0 des questions \u00e9manant de situations devant lesquelles il se sent d\u00e9muni. Ces situations peuvent \u00eatre le deuil chez un enfant, la maltraitance, la violence entre enfants, un handicap, les conduites addictives \u00e0 l\u2019adolescence\u2026<\/p>\n\n\n\n<p><strong>R\u00e9fl\u00e9chir sur ses pratiques.<\/strong><\/p>\n\n\n\n<p>Se r\u00e9unir entre professionnels dans le but d\u2019\u00e9changer et de confronter ses pratiques en lien avec une th\u00e9matique en particulier telle que : le jeu et l\u2019enfant, le sommeil, les relations professionnels\/parents, les limites \u00e0 poser \u00e0 l\u2019enfant, acquisitions et apprentissages, les difficult\u00e9s qui y sont li\u00e9es\u2026<\/p>\n\n\n\n<p><strong>Elaborer un projet de travail.<\/strong><\/p>\n\n\n\n<p>Se r\u00e9unir entre coll\u00e8gues afin d\u2019\u00e9laborer un projet ou de l\u2019approfondir. Ces groupes de r\u00e9flexion sont l\u2019occasion pour des \u00e9quipes de r\u00e9fl\u00e9chir, de construire et mettre en mots les axes et objectifs et de rendre un projet viable et op\u00e9rationnel. La Malle aux Mots propose, par exemple, d\u2019accompagner des projets tels que la cr\u00e9ation d\u2019un lieu de rencontre et d\u2019\u00e9change parents\/enfants, un projet d\u2019animation pour les jeunes, la cr\u00e9ation d\u2019un groupement d\u2019assistantes maternelles\u2026<\/p>\n\n\n\n<p>Ces prestations concernent les enseignants, les \u00e9ducateurs, les animateurs, les auxiliaires de pu\u00e9riculture, les assistantes maternelles\u2026<\/p>\n","protected":false},"excerpt":{"rendered":"<p>Nous vous accompagnons pour faire le point et avancer dans la compr\u00e9hension d&rsquo;une situation personnelle ou professionnelle. En consultation Ce qui vous am\u00e8ne Difficult\u00e9s de sommeil, angoisses, rivalit\u00e9s fraternelles, relations parents-enfants conflictuelles, difficult\u00e9s de communication, probl\u00e9matiques li\u00e9es \u00e0 la scolarit\u00e9&#8230; Au cours de son existence, chaque individu et\/ou syst\u00e8me familial est susceptible de traverser des &hellip; <\/p>\n<p class=\"link-more\"><a href=\"https:\/\/lamalleauxmots.fr\/test\/index.php\/pourquoi-sadresser-a-nous\/\" class=\"more-link\">Continuer la lecture<span class=\"screen-reader-text\"> de &laquo;&nbsp;Venir \u00e0 notre rencontre&#8230;&nbsp;&raquo;<\/span><\/a><\/p>\n","protected":false},"author":1,"featured_media":0,"parent":0,"menu_order":0,"comment_status":"closed","ping_status":"closed","template":"","meta":{"footnotes":""},"class_list":["post-12","page","type-page","status-publish","hentry"],"_links":{"self":[{"href":"https:\/\/lamalleauxmots.fr\/test\/index.php\/wp-json\/wp\/v2\/pages\/12","targetHints":{"allow":["GET"]}}],"collection":[{"href":"https:\/\/lamalleauxmots.fr\/test\/index.php\/wp-json\/wp\/v2\/pages"}],"about":[{"href":"https:\/\/lamalleauxmots.fr\/test\/index.php\/wp-json\/wp\/v2\/types\/page"}],"author":[{"embeddable":true,"href":"https:\/\/lamalleauxmots.fr\/test\/index.php\/wp-json\/wp\/v2\/users\/1"}],"replies":[{"embeddable":true,"href":"https:\/\/lamalleauxmots.fr\/test\/index.php\/wp-json\/wp\/v2\/comments?post=12"}],"version-history":[{"count":11,"href":"https:\/\/lamalleauxmots.fr\/test\/index.php\/wp-json\/wp\/v2\/pages\/12\/revisions"}],"predecessor-version":[{"id":193,"href":"https:\/\/lamalleauxmots.fr\/test\/index.php\/wp-json\/wp\/v2\/pages\/12\/revisions\/193"}],"wp:attachment":[{"href":"https:\/\/lamalleauxmots.fr\/test\/index.php\/wp-json\/wp\/v2\/media?parent=12"}],"curies":[{"name":"wp","href":"https:\/\/api.w.org\/{rel}","templated":true}]}}